{"id":284,"date":"2026-01-16T17:12:23","date_gmt":"2026-01-16T17:12:23","guid":{"rendered":"https:\/\/demo.kjersner.dk\/?page_id=284"},"modified":"2026-01-16T17:12:23","modified_gmt":"2026-01-16T17:12:23","slug":"frikadeller","status":"publish","type":"page","link":"https:\/\/demo.kjersner.dk\/index.php\/frikadeller\/","title":{"rendered":"Frikadeller"},"content":{"rendered":"<div id=\"recipe\"><\/div><div id=\"wprm-recipe-container-285\" class=\"wprm-recipe-container\" data-recipe-id=\"285\" data-servings=\"0\"><div class=\"wprm-recipe wprm-recipe-template-tk-compact\"><div class=\"wprm-container-float-right\">\n\t<div class=\"wprm-recipe-image wprm-block-image-rounded\"><img decoding=\"async\" style=\"border-width: 0px;border-style: solid;border-color: #666666;border-radius: 5px;\" width=\"200\" height=\"200\" src=\"https:\/\/demo.kjersner.dk\/wp-content\/uploads\/2026\/01\/Frikadeller-500x500.jpg\" class=\"attachment-200x200 size-200x200\" alt=\"\" srcset=\"https:\/\/demo.kjersner.dk\/wp-content\/uploads\/2026\/01\/Frikadeller-500x500.jpg 500w, https:\/\/demo.kjersner.dk\/wp-content\/uploads\/2026\/01\/Frikadeller-150x150.jpg 150w\" sizes=\"(max-width: 200px) 100vw, 200px\" \/><\/div>\n\t<div class=\"wprm-spacer\" style=\"height: 5px;\"><\/div>\n\t<a href=\"https:\/\/demo.kjersner.dk\/index.php\/wprm_print\/morfars-frikadeler\" style=\"color: #d0021b;\" class=\"wprm-recipe-print wprm-recipe-link wprm-print-recipe-shortcode wprm-block-text-normal\" data-recipe-id=\"285\" data-template=\"\" target=\"_blank\" rel=\"nofollow\"><span class=\"wprm-recipe-icon wprm-recipe-print-icon\"><svg xmlns=\"http:\/\/www.w3.org\/2000\/svg\" xmlns:xlink=\"http:\/\/www.w3.org\/1999\/xlink\" x=\"0px\" y=\"0px\" width=\"16px\" height=\"16px\" viewBox=\"0 0 24 24\"><g ><path fill=\"#444444\" d=\"M19,5.09V1c0-0.552-0.448-1-1-1H6C5.448,0,5,0.448,5,1v4.09C2.167,5.569,0,8.033,0,11v7c0,0.552,0.448,1,1,1h4v4c0,0.552,0.448,1,1,1h12c0.552,0,1-0.448,1-1v-4h4c0.552,0,1-0.448,1-1v-7C24,8.033,21.833,5.569,19,5.09z M7,2h10v3H7V2z M17,22H7v-9h10V22z M18,10c-0.552,0-1-0.448-1-1c0-0.552,0.448-1,1-1s1,0.448,1,1C19,9.552,18.552,10,18,10z\"\/><\/g><\/svg><\/span> Udskriv<\/a>\n\t\n\t\n<\/div>\n<h2 class=\"wprm-recipe-name wprm-block-text-bold\">Morfars frikadeler<\/h2>\n<div class=\"wprm-spacer\" style=\"height: 5px;\"><\/div>\n\n<div class=\"wprm-spacer\"><\/div>\n\n<div class=\"wprm-spacer\" style=\"height: 5px;\"><\/div>\n\n\n\n\n\n\n<div id=\"recipe-285-ingredients\" class=\"wprm-recipe-ingredients-container wprm-recipe-285-ingredients-container wprm-block-text-normal wprm-ingredient-style-regular wprm-recipe-images-before\" data-recipe=\"285\" data-servings=\"0\"><h3 class=\"wprm-recipe-header wprm-recipe-ingredients-header wprm-block-text-bold wprm-align-left wprm-header-decoration-none\" style=\"\">Ingredienser<\/h3><div class=\"wprm-recipe-ingredient-group\"><ul class=\"wprm-recipe-ingredients\"><li class=\"wprm-recipe-ingredient\" style=\"list-style-type: disc;\" data-uid=\"0\"><span class=\"wprm-recipe-ingredient-amount\">500<\/span>&#32;<span class=\"wprm-recipe-ingredient-unit\">g<\/span>&#32;<span class=\"wprm-recipe-ingredient-name\">Hakket Svinek\u00f8d<\/span>&#32;<span class=\"wprm-recipe-ingredient-notes wprm-recipe-ingredient-notes-faded\">7-12 %<\/span><\/li><li class=\"wprm-recipe-ingredient\" style=\"list-style-type: disc;\" data-uid=\"1\"><span class=\"wprm-recipe-ingredient-amount\">500<\/span>&#32;<span class=\"wprm-recipe-ingredient-unit\">g<\/span>&#32;<span class=\"wprm-recipe-ingredient-name\">Hakket Oksek\u00f8d<\/span>&#32;<span class=\"wprm-recipe-ingredient-notes wprm-recipe-ingredient-notes-faded\">7-12 %<\/span><\/li><li class=\"wprm-recipe-ingredient\" style=\"list-style-type: disc;\" data-uid=\"6\"><span class=\"wprm-recipe-ingredient-amount\">20<\/span>&#32;<span class=\"wprm-recipe-ingredient-unit\">g<\/span>&#32;<span class=\"wprm-recipe-ingredient-name\">Salt<\/span><\/li><li class=\"wprm-recipe-ingredient\" style=\"list-style-type: disc;\" data-uid=\"7\"><span class=\"wprm-recipe-ingredient-amount\">2<\/span>&#32;<span class=\"wprm-recipe-ingredient-unit\">stk.<\/span>&#32;<span class=\"wprm-recipe-ingredient-name\">\u00c6g<\/span><\/li><li class=\"wprm-recipe-ingredient\" style=\"list-style-type: disc;\" data-uid=\"2\"><span class=\"wprm-recipe-ingredient-amount\">2<\/span>&#32;<span class=\"wprm-recipe-ingredient-unit\">stk.<\/span>&#32;<span class=\"wprm-recipe-ingredient-name\">L\u00f8g<\/span><\/li><li class=\"wprm-recipe-ingredient\" style=\"list-style-type: disc;\" data-uid=\"3\"><span class=\"wprm-recipe-ingredient-amount\">6<\/span>&#32;<span class=\"wprm-recipe-ingredient-unit\">spsk<\/span>&#32;<span class=\"wprm-recipe-ingredient-name\">Mel<\/span><\/li><li class=\"wprm-recipe-ingredient\" style=\"list-style-type: disc;\" data-uid=\"4\"><span class=\"wprm-recipe-ingredient-amount\">4<\/span>&#32;<span class=\"wprm-recipe-ingredient-unit\">dl<\/span>&#32;<span class=\"wprm-recipe-ingredient-name\">M\u00e6lk<\/span><\/li><li class=\"wprm-recipe-ingredient\" style=\"list-style-type: disc;\" data-uid=\"5\"><span class=\"wprm-recipe-ingredient-name\">Sort Peber<\/span>&#32;<span class=\"wprm-recipe-ingredient-notes wprm-recipe-ingredient-notes-faded\">friskkv\u00e6rnet<\/span><\/li><\/ul><\/div><\/div>\n<div id=\"recipe-285-instructions\" class=\"wprm-recipe-instructions-container wprm-recipe-285-instructions-container wprm-block-text-normal\" data-recipe=\"285\"><h3 class=\"wprm-recipe-header wprm-recipe-instructions-header wprm-block-text-bold wprm-align-left wprm-header-decoration-none\" style=\"\">S\u00e5dan g\u00f8r du<\/h3><div class=\"wprm-recipe-instruction-group\"><ul class=\"wprm-recipe-instructions\"><li id=\"wprm-recipe-285-step-0-0\" class=\"wprm-recipe-instruction\" style=\"list-style-type: decimal;\"><div class=\"wprm-recipe-instruction-text\" style=\"margin-bottom: 5px;\"><span style=\"display: block;\">Jeg blander farsen i r\u00f8remaskinen.<\/span><\/div><\/li><li id=\"wprm-recipe-285-step-0-1\" class=\"wprm-recipe-instruction\" style=\"list-style-type: decimal;\"><div class=\"wprm-recipe-instruction-text\" style=\"margin-bottom: 5px;\"><span style=\"display: block;\">S\u00e5 tils\u00e6tter jeg salt, og r\u00f8r godt igennem, s\u00e5 bindes m\u00e6lken bedre.<\/span><\/div><\/li><li id=\"wprm-recipe-285-step-0-2\" class=\"wprm-recipe-instruction\" style=\"list-style-type: decimal;\"><div class=\"wprm-recipe-instruction-text\" style=\"margin-bottom: 5px;\"><span style=\"display: block;\">\u00c6g og l\u00f8g blendes sammen, (da jeg ikke kan lide l\u00f8gstykker i mine frikadeller).<\/span><\/div><\/li><li id=\"wprm-recipe-285-step-0-3\" class=\"wprm-recipe-instruction\" style=\"list-style-type: decimal;\"><div class=\"wprm-recipe-instruction-text\" style=\"margin-bottom: 5px;\"><span style=\"display: block;\">Den blendet masse h\u00e6ldes i mens farsen stadig r\u00f8res.<\/span><\/div><\/li><li id=\"wprm-recipe-285-step-0-4\" class=\"wprm-recipe-instruction\" style=\"list-style-type: decimal;\"><div class=\"wprm-recipe-instruction-text\" style=\"margin-bottom: 5px;\"><span style=\"display: block;\">Tils\u00e6t s\u00e5 mel og friskkv\u00e6rnet peber, og r\u00f8r godt sammen.<\/span><\/div><\/li><li id=\"wprm-recipe-285-step-0-5\" class=\"wprm-recipe-instruction\" style=\"list-style-type: decimal;\"><div class=\"wprm-recipe-instruction-text\" style=\"margin-bottom: 5px;\"><span style=\"display: block;\">Tils\u00e6t s\u00e5 m\u00e6lken lidt efter lidt pas p\u00e5 farsen ikke bliver for tynd.<\/span><\/div><\/li><li id=\"wprm-recipe-285-step-0-6\" class=\"wprm-recipe-instruction\" style=\"list-style-type: decimal;\"><div class=\"wprm-recipe-instruction-text\" style=\"margin-bottom: 5px;\"><span style=\"display: block;\">Det er bedst hvis farsen for lov til at hvile p\u00e5 k\u00f8l ca. 30 min,<\/span><\/div><\/li><li id=\"wprm-recipe-285-step-0-7\" class=\"wprm-recipe-instruction\" style=\"list-style-type: decimal;\"><div class=\"wprm-recipe-instruction-text\" style=\"margin-bottom: 5px;\"><span style=\"display: block;\">Jeg steger i flydene fedtsstof til de er gyldene brune<\/span><\/div><\/li><\/ul><\/div><\/div>\n<div id=\"recipe-video\"><\/div>\n\n<\/div><\/div>","protected":false},"excerpt":{"rendered":"","protected":false},"author":1,"featured_media":0,"parent":0,"menu_order":0,"comment_status":"closed","ping_status":"closed","template":"","meta":{"wprm-recipe-roundup-name":"","wprm-recipe-roundup-description":"","footnotes":""},"class_list":["post-284","page","type-page","status-publish","hentry"],"_links":{"self":[{"href":"https:\/\/demo.kjersner.dk\/index.php\/wp-json\/wp\/v2\/pages\/284","targetHints":{"allow":["GET"]}}],"collection":[{"href":"https:\/\/demo.kjersner.dk\/index.php\/wp-json\/wp\/v2\/pages"}],"about":[{"href":"https:\/\/demo.kjersner.dk\/index.php\/wp-json\/wp\/v2\/types\/page"}],"author":[{"embeddable":true,"href":"https:\/\/demo.kjersner.dk\/index.php\/wp-json\/wp\/v2\/users\/1"}],"replies":[{"embeddable":true,"href":"https:\/\/demo.kjersner.dk\/index.php\/wp-json\/wp\/v2\/comments?post=284"}],"version-history":[{"count":2,"href":"https:\/\/demo.kjersner.dk\/index.php\/wp-json\/wp\/v2\/pages\/284\/revisions"}],"predecessor-version":[{"id":292,"href":"https:\/\/demo.kjersner.dk\/index.php\/wp-json\/wp\/v2\/pages\/284\/revisions\/292"}],"wp:attachment":[{"href":"https:\/\/demo.kjersner.dk\/index.php\/wp-json\/wp\/v2\/media?parent=284"}],"curies":[{"name":"wp","href":"https:\/\/api.w.org\/{rel}","templated":true}]}}