{"id":253,"date":"2025-06-27T17:59:11","date_gmt":"2025-06-27T17:59:11","guid":{"rendered":"https:\/\/demo.kjersner.dk\/?page_id=253"},"modified":"2026-01-19T17:24:40","modified_gmt":"2026-01-19T17:24:40","slug":"svensk-poelseret-med-makaroni","status":"publish","type":"page","link":"https:\/\/demo.kjersner.dk\/index.php\/svensk-poelseret-med-makaroni\/","title":{"rendered":"Svensk p\u00f8lseret med makaroni"},"content":{"rendered":"<div id=\"recipe\"><\/div><div id=\"wprm-recipe-container-255\" class=\"wprm-recipe-container aligncenter\" data-recipe-id=\"255\" data-servings=\"0\"><div class=\"wprm-recipe wprm-recipe-template-tk-compact\"><div class=\"wprm-container-float-right\">\n\t<div class=\"wprm-recipe-image wprm-block-image-rounded\"><img decoding=\"async\" style=\"border-width: 0px;border-style: solid;border-color: #666666;border-radius: 5px;\" width=\"200\" height=\"200\" src=\"https:\/\/demo.kjersner.dk\/wp-content\/uploads\/2026\/01\/Svensk-poelseret-med-pasta-1-500x500.jpg\" class=\"attachment-200x200 size-200x200\" alt=\"\" srcset=\"https:\/\/demo.kjersner.dk\/wp-content\/uploads\/2026\/01\/Svensk-poelseret-med-pasta-1-500x500.jpg 500w, https:\/\/demo.kjersner.dk\/wp-content\/uploads\/2026\/01\/Svensk-poelseret-med-pasta-1-150x150.jpg 150w\" sizes=\"(max-width: 200px) 100vw, 200px\" \/><\/div>\n\t<div class=\"wprm-spacer\" style=\"height: 5px;\"><\/div>\n\t<a href=\"https:\/\/demo.kjersner.dk\/index.php\/wprm_print\/svensk-poelseret-med-makaroni\" style=\"color: #d0021b;\" class=\"wprm-recipe-print wprm-recipe-link wprm-print-recipe-shortcode wprm-block-text-normal\" data-recipe-id=\"255\" data-template=\"\" target=\"_blank\" rel=\"nofollow\"><span class=\"wprm-recipe-icon wprm-recipe-print-icon\"><svg xmlns=\"http:\/\/www.w3.org\/2000\/svg\" xmlns:xlink=\"http:\/\/www.w3.org\/1999\/xlink\" x=\"0px\" y=\"0px\" width=\"16px\" height=\"16px\" viewBox=\"0 0 24 24\"><g ><path fill=\"#444444\" d=\"M19,5.09V1c0-0.552-0.448-1-1-1H6C5.448,0,5,0.448,5,1v4.09C2.167,5.569,0,8.033,0,11v7c0,0.552,0.448,1,1,1h4v4c0,0.552,0.448,1,1,1h12c0.552,0,1-0.448,1-1v-4h4c0.552,0,1-0.448,1-1v-7C24,8.033,21.833,5.569,19,5.09z M7,2h10v3H7V2z M17,22H7v-9h10V22z M18,10c-0.552,0-1-0.448-1-1c0-0.552,0.448-1,1-1s1,0.448,1,1C19,9.552,18.552,10,18,10z\"\/><\/g><\/svg><\/span> Udskriv<\/a>\n\t\n\t\n<\/div>\n<h2 class=\"wprm-recipe-name wprm-block-text-bold\">Svensk p\u00f8lseret med makaroni<\/h2>\n<div class=\"wprm-spacer\" style=\"height: 5px;\"><\/div>\n<div class=\"wprm-recipe-summary wprm-block-text-normal\"><span style=\"display: block;\">Til 4 personer<\/span><\/div>\n<div class=\"wprm-spacer\"><\/div>\n\n<div class=\"wprm-spacer\" style=\"height: 5px;\"><\/div>\n\n\n\n\n\n\n<div id=\"recipe-255-ingredients\" class=\"wprm-recipe-ingredients-container wprm-recipe-255-ingredients-container wprm-block-text-normal wprm-ingredient-style-regular wprm-recipe-images-before\" data-recipe=\"255\" data-servings=\"0\"><h3 class=\"wprm-recipe-header wprm-recipe-ingredients-header wprm-block-text-bold wprm-align-left wprm-header-decoration-none\" style=\"\">Ingredienser<\/h3><div class=\"wprm-recipe-ingredient-group\"><ul class=\"wprm-recipe-ingredients\"><li class=\"wprm-recipe-ingredient\" style=\"list-style-type: disc;\" data-uid=\"0\"><span class=\"wprm-recipe-ingredient-amount\">200\u00a0<\/span>&#32;<span class=\"wprm-recipe-ingredient-unit\">gr.<\/span>&#32;<span class=\"wprm-recipe-ingredient-name\">Makaroni<\/span><\/li><li class=\"wprm-recipe-ingredient\" style=\"list-style-type: disc;\" data-uid=\"1\"><span class=\"wprm-recipe-ingredient-amount\">8<\/span>&#32;<span class=\"wprm-recipe-ingredient-unit\">stk.<\/span>&#32;<span class=\"wprm-recipe-ingredient-name\">Wienerp\u00f8lser<\/span><\/li><li class=\"wprm-recipe-ingredient\" style=\"list-style-type: disc;\" data-uid=\"2\"><span class=\"wprm-recipe-ingredient-amount\">100<\/span>&#32;<span class=\"wprm-recipe-ingredient-unit\">gr.<\/span>&#32;<span class=\"wprm-recipe-ingredient-name\">Bacontern<\/span><\/li><li class=\"wprm-recipe-ingredient\" style=\"list-style-type: disc;\" data-uid=\"3\"><span class=\"wprm-recipe-ingredient-amount\">1<\/span>&#32;<span class=\"wprm-recipe-ingredient-unit\">stk.<\/span>&#32;<span class=\"wprm-recipe-ingredient-name\">Zittauerl\u00f8g<\/span><\/li><li class=\"wprm-recipe-ingredient\" style=\"list-style-type: disc;\" data-uid=\"4\"><span class=\"wprm-recipe-ingredient-name\">Sm\u00f8r til at stege i<\/span><\/li><li class=\"wprm-recipe-ingredient\" style=\"list-style-type: disc;\" data-uid=\"5\"><span class=\"wprm-recipe-ingredient-amount\">3<\/span>&#32;<span class=\"wprm-recipe-ingredient-unit\">tsk.<\/span>&#32;<span class=\"wprm-recipe-ingredient-name\">Mild paprika<\/span><\/li><li class=\"wprm-recipe-ingredient\" style=\"list-style-type: disc;\" data-uid=\"6\"><span class=\"wprm-recipe-ingredient-amount\">2<\/span>&#32;<span class=\"wprm-recipe-ingredient-unit\">dl<\/span>&#32;<span class=\"wprm-recipe-ingredient-name\">m\u00e6lk<\/span><\/li><li class=\"wprm-recipe-ingredient\" style=\"list-style-type: disc;\" data-uid=\"7\"><span class=\"wprm-recipe-ingredient-name\">evt. lidt Fl\u00f8de<\/span><\/li><li class=\"wprm-recipe-ingredient\" style=\"list-style-type: disc;\" data-uid=\"8\"><span class=\"wprm-recipe-ingredient-name\">smag til med salt og peber<\/span><\/li><\/ul><\/div><\/div>\n<div id=\"recipe-255-instructions\" class=\"wprm-recipe-instructions-container wprm-recipe-255-instructions-container wprm-block-text-normal\" data-recipe=\"255\"><h3 class=\"wprm-recipe-header wprm-recipe-instructions-header wprm-block-text-bold wprm-align-left wprm-header-decoration-none\" style=\"\">S\u00e5dan g\u00f8r du<\/h3><div class=\"wprm-recipe-instruction-group\"><ul class=\"wprm-recipe-instructions\"><li id=\"wprm-recipe-255-step-0-0\" class=\"wprm-recipe-instruction\" style=\"list-style-type: decimal;\"><div class=\"wprm-recipe-instruction-text\" style=\"margin-bottom: 5px;\"><span style=\"display: block;\">Kog makaroni efter pakkens anvisninger, og h\u00e6ld vandet fra<\/span><\/div><\/li><li id=\"wprm-recipe-255-step-0-1\" class=\"wprm-recipe-instruction\" style=\"list-style-type: decimal;\"><div class=\"wprm-recipe-instruction-text\" style=\"margin-bottom: 5px;\"><span style=\"display: block;\">Sk\u00e6r p\u00f8lserne i stykker p\u00e5 2-3 cm og hak l\u00f8get<\/span><\/div><\/li><li id=\"wprm-recipe-255-step-0-2\" class=\"wprm-recipe-instruction\" style=\"list-style-type: decimal;\"><div class=\"wprm-recipe-instruction-text\" style=\"margin-bottom: 5px;\"><span style=\"display: block;\">\u00a0Brun sm\u00f8rret i en gryde og svits l\u00f8get til de er klare<\/span><\/div><\/li><li id=\"wprm-recipe-255-step-0-3\" class=\"wprm-recipe-instruction\" style=\"list-style-type: decimal;\"><div class=\"wprm-recipe-instruction-text\" style=\"margin-bottom: 5px;\"><span style=\"display: block;\">Derefter brunes bacontern her i<\/span><\/div><\/li><li id=\"wprm-recipe-255-step-0-4\" class=\"wprm-recipe-instruction\" style=\"list-style-type: decimal;\"><div class=\"wprm-recipe-instruction-text\" style=\"margin-bottom: 5px;\"><span style=\"display: block;\">Tils\u00e6t paprika og p\u00f8lser og lad det svitse med<\/span><\/div><\/li><li id=\"wprm-recipe-255-step-0-5\" class=\"wprm-recipe-instruction\" style=\"list-style-type: decimal;\"><div class=\"wprm-recipe-instruction-text\" style=\"margin-bottom: 5px;\"><span style=\"display: block;\">Skru ned til j\u00e6vn varme og tils\u00e6t tomatpur\u00e9, m\u00e6lk og evt. fl\u00f8de<\/span><\/div><\/li><li id=\"wprm-recipe-255-step-0-6\" class=\"wprm-recipe-instruction\" style=\"list-style-type: decimal;\"><div class=\"wprm-recipe-instruction-text\" style=\"margin-bottom: 5px;\"><span style=\"display: block;\">Smag til med salt og peber, og lad retten koge i ca. 10 min<\/span><\/div><\/li><li id=\"wprm-recipe-255-step-0-7\" class=\"wprm-recipe-instruction\" style=\"list-style-type: decimal;\"><div class=\"wprm-recipe-instruction-text\" style=\"margin-bottom: 5px;\"><span style=\"display: block;\">Til sidst blandes det med makaroni og varmes igennem<\/span><\/div><\/li><\/ul><\/div><\/div>\n<div id=\"recipe-video\"><\/div>\n\n<\/div><\/div>","protected":false},"excerpt":{"rendered":"","protected":false},"author":1,"featured_media":0,"parent":0,"menu_order":0,"comment_status":"closed","ping_status":"closed","template":"","meta":{"wprm-recipe-roundup-name":"","wprm-recipe-roundup-description":"","footnotes":""},"class_list":["post-253","page","type-page","status-publish","hentry"],"_links":{"self":[{"href":"https:\/\/demo.kjersner.dk\/index.php\/wp-json\/wp\/v2\/pages\/253","targetHints":{"allow":["GET"]}}],"collection":[{"href":"https:\/\/demo.kjersner.dk\/index.php\/wp-json\/wp\/v2\/pages"}],"about":[{"href":"https:\/\/demo.kjersner.dk\/index.php\/wp-json\/wp\/v2\/types\/page"}],"author":[{"embeddable":true,"href":"https:\/\/demo.kjersner.dk\/index.php\/wp-json\/wp\/v2\/users\/1"}],"replies":[{"embeddable":true,"href":"https:\/\/demo.kjersner.dk\/index.php\/wp-json\/wp\/v2\/comments?post=253"}],"version-history":[{"count":3,"href":"https:\/\/demo.kjersner.dk\/index.php\/wp-json\/wp\/v2\/pages\/253\/revisions"}],"predecessor-version":[{"id":328,"href":"https:\/\/demo.kjersner.dk\/index.php\/wp-json\/wp\/v2\/pages\/253\/revisions\/328"}],"wp:attachment":[{"href":"https:\/\/demo.kjersner.dk\/index.php\/wp-json\/wp\/v2\/media?parent=253"}],"curies":[{"name":"wp","href":"https:\/\/api.w.org\/{rel}","templated":true}]}}