{"id":245,"date":"2025-06-27T17:27:52","date_gmt":"2025-06-27T17:27:52","guid":{"rendered":"https:\/\/demo.kjersner.dk\/?page_id=245"},"modified":"2025-06-27T17:27:52","modified_gmt":"2025-06-27T17:27:52","slug":"laks-med-rejesovs-og-peberrod","status":"publish","type":"page","link":"https:\/\/demo.kjersner.dk\/index.php\/laks-med-rejesovs-og-peberrod\/","title":{"rendered":"Laks med rejesovs og peberrod"},"content":{"rendered":"\n\n<div id=\"recipe\"><\/div><div id=\"wprm-recipe-container-247\" class=\"wprm-recipe-container\" data-recipe-id=\"247\" data-servings=\"0\"><div class=\"wprm-recipe wprm-recipe-template-tk-compact\"><div class=\"wprm-container-float-right\">\n\t<div class=\"wprm-recipe-image wprm-block-image-rounded\"><img decoding=\"async\" style=\"border-width: 0px;border-style: solid;border-color: #666666;border-radius: 5px;\" width=\"200\" height=\"200\" src=\"https:\/\/demo.kjersner.dk\/wp-content\/uploads\/2025\/06\/rejesovs-paa-laks-500x500-1-300x300.jpg\" class=\"attachment-200x200 size-200x200\" alt=\"\" srcset=\"https:\/\/demo.kjersner.dk\/wp-content\/uploads\/2025\/06\/rejesovs-paa-laks-500x500-1-300x300.jpg 300w, https:\/\/demo.kjersner.dk\/wp-content\/uploads\/2025\/06\/rejesovs-paa-laks-500x500-1-150x150.jpg 150w, https:\/\/demo.kjersner.dk\/wp-content\/uploads\/2025\/06\/rejesovs-paa-laks-500x500-1.jpg 500w\" sizes=\"(max-width: 200px) 100vw, 200px\" \/><\/div>\n\t<div class=\"wprm-spacer\" style=\"height: 5px;\"><\/div>\n\t<a href=\"https:\/\/demo.kjersner.dk\/index.php\/wprm_print\/laks-med-rejesovs-og-peberrod\" style=\"color: #d0021b;\" class=\"wprm-recipe-print wprm-recipe-link wprm-print-recipe-shortcode wprm-block-text-normal\" data-recipe-id=\"247\" data-template=\"\" target=\"_blank\" rel=\"nofollow\"><span class=\"wprm-recipe-icon wprm-recipe-print-icon\"><svg xmlns=\"http:\/\/www.w3.org\/2000\/svg\" xmlns:xlink=\"http:\/\/www.w3.org\/1999\/xlink\" x=\"0px\" y=\"0px\" width=\"16px\" height=\"16px\" viewBox=\"0 0 24 24\"><g ><path fill=\"#444444\" d=\"M19,5.09V1c0-0.552-0.448-1-1-1H6C5.448,0,5,0.448,5,1v4.09C2.167,5.569,0,8.033,0,11v7c0,0.552,0.448,1,1,1h4v4c0,0.552,0.448,1,1,1h12c0.552,0,1-0.448,1-1v-4h4c0.552,0,1-0.448,1-1v-7C24,8.033,21.833,5.569,19,5.09z M7,2h10v3H7V2z M17,22H7v-9h10V22z M18,10c-0.552,0-1-0.448-1-1c0-0.552,0.448-1,1-1s1,0.448,1,1C19,9.552,18.552,10,18,10z\"\/><\/g><\/svg><\/span> Udskriv<\/a>\n\t\n\t\n<\/div>\n<h2 class=\"wprm-recipe-name wprm-block-text-bold\">Laks med rejesovs og peberrod<\/h2>\n<div class=\"wprm-spacer\" style=\"height: 5px;\"><\/div>\n<div class=\"wprm-recipe-summary wprm-block-text-normal\"><span style=\"display: block;\">Til 4 personer<\/span><\/div>\n<div class=\"wprm-spacer\"><\/div>\n\n<div class=\"wprm-spacer\" style=\"height: 5px;\"><\/div>\n\n\n\n\n\n\n<div id=\"recipe-247-ingredients\" class=\"wprm-recipe-ingredients-container wprm-recipe-247-ingredients-container wprm-block-text-normal wprm-ingredient-style-regular wprm-recipe-images-before\" data-recipe=\"247\" data-servings=\"0\"><h3 class=\"wprm-recipe-header wprm-recipe-ingredients-header wprm-block-text-bold wprm-align-left wprm-header-decoration-none\" style=\"\">Ingredienser<\/h3><div class=\"wprm-recipe-ingredient-group\"><ul class=\"wprm-recipe-ingredients\"><li class=\"wprm-recipe-ingredient\" style=\"list-style-type: disc;\" data-uid=\"0\"><span class=\"wprm-recipe-ingredient-amount\">1<\/span>&#32;<span class=\"wprm-recipe-ingredient-unit\">dl<\/span>&#32;<span class=\"wprm-recipe-ingredient-name\">mayonnaise<\/span><\/li><li class=\"wprm-recipe-ingredient\" style=\"list-style-type: disc;\" data-uid=\"1\"><span class=\"wprm-recipe-ingredient-amount\">1<\/span>&#32;<span class=\"wprm-recipe-ingredient-unit\">dl<\/span>&#32;<span class=\"wprm-recipe-ingredient-name\">creme fraiche<\/span>&#32;<span class=\"wprm-recipe-ingredient-notes wprm-recipe-ingredient-notes-faded\">(% efter eget valg)<\/span><\/li><li class=\"wprm-recipe-ingredient\" style=\"list-style-type: disc;\" data-uid=\"2\"><span class=\"wprm-recipe-ingredient-amount\">100<\/span>&#32;<span class=\"wprm-recipe-ingredient-unit\">gr.<\/span>&#32;<span class=\"wprm-recipe-ingredient-name\">finthakket rejer<\/span><\/li><li class=\"wprm-recipe-ingredient\" style=\"list-style-type: disc;\" data-uid=\"3\"><span class=\"wprm-recipe-ingredient-amount\">1-2<\/span>&#32;<span class=\"wprm-recipe-ingredient-unit\">spsk<\/span>&#32;<span class=\"wprm-recipe-ingredient-name\">reven peberrod<\/span><\/li><li class=\"wprm-recipe-ingredient\" style=\"list-style-type: disc;\" data-uid=\"4\"><span class=\"wprm-recipe-ingredient-amount\">200<\/span>&#32;<span class=\"wprm-recipe-ingredient-unit\">gr.<\/span>&#32;<span class=\"wprm-recipe-ingredient-name\">r\u00f8get laks i skive<\/span><\/li><\/ul><\/div><\/div>\n<div id=\"recipe-247-instructions\" class=\"wprm-recipe-instructions-container wprm-recipe-247-instructions-container wprm-block-text-normal\" data-recipe=\"247\"><h3 class=\"wprm-recipe-header wprm-recipe-instructions-header wprm-block-text-bold wprm-align-left wprm-header-decoration-none\" style=\"\">S\u00e5dan g\u00f8r du<\/h3><div class=\"wprm-recipe-instruction-group\"><ul class=\"wprm-recipe-instructions\"><li id=\"wprm-recipe-247-step-0-0\" class=\"wprm-recipe-instruction\" style=\"list-style-type: decimal;\"><div class=\"wprm-recipe-instruction-text\" style=\"margin-bottom: 5px;\"><span style=\"display: block;\">Bland mayonnaise, cremefraiche og smag til med peberrod<\/span><\/div><\/li><li id=\"wprm-recipe-247-step-0-1\" class=\"wprm-recipe-instruction\" style=\"list-style-type: decimal;\"><div class=\"wprm-recipe-instruction-text\" style=\"margin-bottom: 5px;\"><span style=\"display: block;\">Bland de finthakket rejer i<\/span><\/div><\/li><li id=\"wprm-recipe-247-step-0-2\" class=\"wprm-recipe-instruction\" style=\"list-style-type: decimal;\"><div class=\"wprm-recipe-instruction-text\" style=\"margin-bottom: 5px;\"><span style=\"display: block;\">L\u00e6g salatblade p\u00e5 en tallerken<\/span><\/div><\/li><li id=\"wprm-recipe-247-step-0-3\" class=\"wprm-recipe-instruction\" style=\"list-style-type: decimal;\"><div class=\"wprm-recipe-instruction-text\" style=\"margin-bottom: 5px;\"><span style=\"display: block;\">Ovenp\u00e5 l\u00e6gges\u00a0laksen\u00a0formet\u00a0som en rose<\/span><\/div><\/li><li id=\"wprm-recipe-247-step-0-4\" class=\"wprm-recipe-instruction\" style=\"list-style-type: decimal;\"><div class=\"wprm-recipe-instruction-text\" style=\"margin-bottom: 5px;\"><span style=\"display: block;\">L\u00e6g en skefuld rejesovs ved siden af og pynt med dild, citron, sm\u00e5 tomater<\/span><\/div><\/li><li id=\"wprm-recipe-247-step-0-5\" class=\"wprm-recipe-instruction\" style=\"list-style-type: decimal;\"><div class=\"wprm-recipe-instruction-text\" style=\"margin-bottom: 5px;\"><span style=\"display: block;\">Server flute til<\/span><\/div><\/li><\/ul><\/div><div class=\"wprm-recipe-instruction-group\"><h4 class=\"wprm-recipe-group-name wprm-recipe-instruction-group-name wprm-block-text-bold\">PS<\/h4><ul class=\"wprm-recipe-instructions\"><li id=\"wprm-recipe-247-step-1-0\" class=\"wprm-recipe-instruction\" style=\"list-style-type: decimal;\"><div class=\"wprm-recipe-instruction-text\" style=\"margin-bottom: 5px;\"><span style=\"display: block;\">Jeg bruger ogs\u00e5 tit denne rejesovs, n\u00e5r jeg serverer r\u00f8get laks p\u00e5 et stk. formbr\u00f8d.<\/span><\/div><\/li><\/ul><\/div><\/div>\n<div id=\"recipe-video\"><\/div>\n\n<\/div><\/div>","protected":false},"excerpt":{"rendered":"","protected":false},"author":1,"featured_media":0,"parent":0,"menu_order":0,"comment_status":"closed","ping_status":"closed","template":"","meta":{"wprm-recipe-roundup-name":"","wprm-recipe-roundup-description":"","footnotes":""},"class_list":["post-245","page","type-page","status-publish","hentry"],"_links":{"self":[{"href":"https:\/\/demo.kjersner.dk\/index.php\/wp-json\/wp\/v2\/pages\/245","targetHints":{"allow":["GET"]}}],"collection":[{"href":"https:\/\/demo.kjersner.dk\/index.php\/wp-json\/wp\/v2\/pages"}],"about":[{"href":"https:\/\/demo.kjersner.dk\/index.php\/wp-json\/wp\/v2\/types\/page"}],"author":[{"embeddable":true,"href":"https:\/\/demo.kjersner.dk\/index.php\/wp-json\/wp\/v2\/users\/1"}],"replies":[{"embeddable":true,"href":"https:\/\/demo.kjersner.dk\/index.php\/wp-json\/wp\/v2\/comments?post=245"}],"version-history":[{"count":2,"href":"https:\/\/demo.kjersner.dk\/index.php\/wp-json\/wp\/v2\/pages\/245\/revisions"}],"predecessor-version":[{"id":264,"href":"https:\/\/demo.kjersner.dk\/index.php\/wp-json\/wp\/v2\/pages\/245\/revisions\/264"}],"wp:attachment":[{"href":"https:\/\/demo.kjersner.dk\/index.php\/wp-json\/wp\/v2\/media?parent=245"}],"curies":[{"name":"wp","href":"https:\/\/api.w.org\/{rel}","templated":true}]}}